{"id":171,"date":"2025-12-13T18:00:43","date_gmt":"2025-12-13T18:00:43","guid":{"rendered":"https:\/\/clinique-de-la-machine-a-coudre.fr\/?post_type=product&#038;p=171"},"modified":"2026-01-29T14:03:28","modified_gmt":"2026-01-29T14:03:28","slug":"brother-innov-is-nv15-copie","status":"publish","type":"product","link":"https:\/\/clinique-de-la-machine-a-coudre.fr\/index.php\/produit\/brother-innov-is-nv15-copie\/","title":{"rendered":"Brother Innov-is NV15"},"content":{"rendered":"<p>La machine \u00e0 coudre \u00e9lectronique\u00a0<strong>Brother Innovis 15<\/strong>\u00a0est con\u00e7ue pour les d\u00e9butants : il s&rsquo;agit d&rsquo;une machine tr\u00e8s intuitive qui offre\u00a0<strong>16 points de couture<\/strong>, essentiels en couture. Elle dispose \u00e9galement d&rsquo;un enfilage automatique de l&rsquo;aiguille, ce qui facilite son utilisation. Compacte et l\u00e9g\u00e8re, elle est id\u00e9ale pour un usage occasionnel simple et efficace. Notice en Fran\u00e7ais.<\/p>\n<p><b>Caract\u00e9ristiques:<\/b><\/p>\n<ul>\n<li><b>16<\/b>\u00a0points de couture<\/li>\n<li><b>3<\/b>\u00a0boutonni\u00e8res enti\u00e8rement automatiques avec point de renfort en son milieu points fantaisies<\/li>\n<li>Ch\u00e2ssis en aluminium<\/li>\n<li>\u00c9cran\u00a0<b>LCD<\/b><\/li>\n<li>Convertible en table\/bras libre avec large espace de travail (160&#215;100 mm)<\/li>\n<li>R\u00e9glage de la longueur du point\u00a0<b>5<\/b>\u00a0mm max.<\/li>\n<li>R\u00e9glage de la largeur du point\u00a0<b>7<\/b>\u00a0mm max.<\/li>\n<li>R\u00e9glage de la tension du fil manuelle<\/li>\n<li>Griffes d&rsquo;entra\u00eenement\u00a0<b>7<\/b>\u00a0\u00e9l\u00e9ments<\/li>\n<li>Enfile aiguille automatique<\/li>\n<li>Syst\u00e8me de mise en place rapide de la canette<\/li>\n<li>R\u00e9gulateur de vitesse (Possibilit\u00e9 d&rsquo;utiliser cette machine sans p\u00e9dale)<\/li>\n<li>bouton Start \/ Stop<\/li>\n<li>Poids de la machine: 8.1kg<\/li>\n<\/ul>\n<p>La touche start \/stop permet de coudre, sans utiliser la p\u00e9dale : indispensable pour les coutures longues, ou pour les plus jeunes couturiers !<a href=\"https:\/\/clinique-de-la-machine-a-coudre.fr\/wp-admin\/post.php?action=edit&amp;post=171#shipping_product_data\">Exp\u00e9dition<\/a><\/p>\n<p>Le r\u00e9gulateur de vitesse apporte beaucoup de confort et de s\u00e9curit\u00e9 : la machine peut \u00eatre brid\u00e9e et coudre lentement. Les d\u00e9butants appr\u00e9cieront cette fonction, qui leur permettra de prendre confiance et de se faire plaisir \u00e0 coudre d\u00e8s les premiers instants &#8230;<\/p>\n","protected":false},"excerpt":{"rendered":"<p>La machine \u00e0 coudre \u00e9lectronique\u00a0<strong>Brother Innovis 15<\/strong>\u00a0est con\u00e7ue pour les d\u00e9butants : il s&rsquo;agit d&rsquo;une machine tr\u00e8s intuitive qui offre\u00a0<strong>16 points de couture<\/strong>, essentiels en couture. Elle dispose \u00e9galement d&rsquo;un enfilage automatique de l&rsquo;aiguille, ce qui facilite son utilisation. Compacte et l\u00e9g\u00e8re, elle est id\u00e9ale pour un usage occasionnel simple et efficace. Notice en Fran\u00e7ais.<\/p>\n","protected":false},"featured_media":174,"template":"","meta":{"site-sidebar-layout":"default","site-content-layout":"","ast-site-content-layout":"default","site-content-style":"default","site-sidebar-style":"default","ast-global-header-display":"","ast-banner-title-visibility":"","ast-main-header-display":"","ast-hfb-above-header-display":"","ast-hfb-below-header-display":"","ast-hfb-mobile-header-display":"","site-post-title":"","ast-breadcrumbs-content":"","ast-featured-img":"","footer-sml-layout":"","ast-disable-related-posts":"","theme-transparent-header-meta":"default","adv-header-id-meta":"","stick-header-meta":"","header-above-stick-meta":"","header-main-stick-meta":"","header-below-stick-meta":"","astra-migrate-meta-layouts":"set","ast-page-background-enabled":"default","ast-page-background-meta":{"desktop":{"background-color":"var(--ast-global-color-5)","background-image":"","background-repeat":"repeat","background-position":"center center","background-size":"auto","background-attachment":"scroll","background-type":"","background-media":"","overlay-type":"","overlay-color":"","overlay-opacity":"","overlay-gradient":""},"tablet":{"background-color":"","background-image":"","background-repeat":"repeat","background-position":"center center","background-size":"auto","background-attachment":"scroll","background-type":"","background-media":"","overlay-type":"","overlay-color":"","overlay-opacity":"","overlay-gradient":""},"mobile":{"background-color":"","background-image":"","background-repeat":"repeat","background-position":"center center","background-size":"auto","background-attachment":"scroll","background-type":"","background-media":"","overlay-type":"","overlay-color":"","overlay-opacity":"","overlay-gradient":""}},"ast-content-background-meta":{"desktop":{"background-color":"var(--ast-global-color-4)","background-image":"","background-repeat":"repeat","background-position":"center center","background-size":"auto","background-attachment":"scroll","background-type":"","background-media":"","overlay-type":"","overlay-color":"","overlay-opacity":"","overlay-gradient":""},"tablet":{"background-color":"var(--ast-global-color-4)","background-image":"","background-repeat":"repeat","background-position":"center center","background-size":"auto","background-attachment":"scroll","background-type":"","background-media":"","overlay-type":"","overlay-color":"","overlay-opacity":"","overlay-gradient":""},"mobile":{"background-color":"var(--ast-global-color-4)","background-image":"","background-repeat":"repeat","background-position":"center center","background-size":"auto","background-attachment":"scroll","background-type":"","background-media":"","overlay-type":"","overlay-color":"","overlay-opacity":"","overlay-gradient":""}}},"product_brand":[19],"product_cat":[23],"product_tag":[],"class_list":{"0":"post-171","1":"product","2":"type-product","3":"status-publish","4":"has-post-thumbnail","6":"product_brand-brother","7":"product_cat-machine-a-coudre","8":"product_shipping_class-livraison-a-domicile","9":"desktop-align-left","10":"tablet-align-left","11":"mobile-align-left","13":"first","14":"instock","15":"sale","16":"shipping-taxable","17":"purchasable","18":"product-type-variable"},"jetpack_sharing_enabled":true,"_links":{"self":[{"href":"https:\/\/clinique-de-la-machine-a-coudre.fr\/index.php\/wp-json\/wp\/v2\/product\/171","targetHints":{"allow":["GET"]}}],"collection":[{"href":"https:\/\/clinique-de-la-machine-a-coudre.fr\/index.php\/wp-json\/wp\/v2\/product"}],"about":[{"href":"https:\/\/clinique-de-la-machine-a-coudre.fr\/index.php\/wp-json\/wp\/v2\/types\/product"}],"wp:featuredmedia":[{"embeddable":true,"href":"https:\/\/clinique-de-la-machine-a-coudre.fr\/index.php\/wp-json\/wp\/v2\/media\/174"}],"wp:attachment":[{"href":"https:\/\/clinique-de-la-machine-a-coudre.fr\/index.php\/wp-json\/wp\/v2\/media?parent=171"}],"wp:term":[{"taxonomy":"product_brand","embeddable":true,"href":"https:\/\/clinique-de-la-machine-a-coudre.fr\/index.php\/wp-json\/wp\/v2\/product_brand?post=171"},{"taxonomy":"product_cat","embeddable":true,"href":"https:\/\/clinique-de-la-machine-a-coudre.fr\/index.php\/wp-json\/wp\/v2\/product_cat?post=171"},{"taxonomy":"product_tag","embeddable":true,"href":"https:\/\/clinique-de-la-machine-a-coudre.fr\/index.php\/wp-json\/wp\/v2\/product_tag?post=171"}],"curies":[{"name":"wp","href":"https:\/\/api.w.org\/{rel}","templated":true}]}}