{"id":167,"date":"2025-12-13T17:39:18","date_gmt":"2025-12-13T17:39:18","guid":{"rendered":"https:\/\/clinique-de-la-machine-a-coudre.fr\/?post_type=product&#038;p=167"},"modified":"2025-12-13T17:54:39","modified_gmt":"2025-12-13T17:54:39","slug":"elna-easycover-v2","status":"publish","type":"product","link":"https:\/\/clinique-de-la-machine-a-coudre.fr\/index.php\/produit\/elna-easycover-v2\/","title":{"rendered":"ELNA Easycover V2"},"content":{"rendered":"<p>La machine \u00e0 point de recouvrement ELNA eXtend Easy Cover est une recouvreuse simple d&rsquo;utilisation qui vous permettra de r\u00e9aliser des ourl\u00e9s dignes d&rsquo;un professionnel. Elle est tr\u00e8s utile pour r\u00e9aliser la double couture (finition de t-shirt, jogging&#8230;) et c&rsquo;est un tr\u00e8s bon compl\u00e9ment d&rsquo;une surjeteuse qui ne poss\u00e8de pas le point de recouvrement. Simple d&rsquo;utilisation, cette machine est d\u00e9di\u00e9e aux points de recouvrement avec 3 aiguilles donc 2 largeurs de point de recouvrement diff\u00e9rentes. Notice en Fran\u00e7ais.<\/p>\n<div class=\"product-information\">\n<div class=\"product-actions\">\n<div class=\"tabs product-tabs\">\n<div id=\"product-infos-tabs-content\" class=\"tab-content\">\n<div id=\"description\" class=\"tab-pane in active\">\n<div class=\"product-description\">\n<div class=\"rte-content\">\n<div class=\"row text-left mt-3 align-items-top\">\n<div class=\"col-md-6 mt-3\">\n<h5>Caract\u00e9ristiques<b><\/b><\/h5>\n<ul>\n<li style=\"list-style-type: none;\">\n<ul>\n<li><span id=\"texte_description_fiche_produit\">Tr\u00e8s utile pour r\u00e9aliser la double couture (Finition de tee-shirt, jogging&#8230;).<\/span><\/li>\n<li>2 largeurs diff\u00e9rentes:\u00a03 mm\u00a0et\u00a06 mm<\/li>\n<li>Possibilit\u00e9 de faire un point d\u00e9coratif avec\u00a03 aiguilles<\/li>\n<li>Machine long bras<\/li>\n<li>Tr\u00e8s bon compl\u00e9ment d&rsquo;une surjeteuse qui ne poss\u00e8de pas le point de recouvrement.<\/li>\n<li>Tension du boucleur ajustable<\/li>\n<\/ul>\n<\/li>\n<\/ul>\n<\/div>\n<\/div>\n<\/div>\n<\/div>\n<\/div>\n<\/div>\n<\/div>\n<\/div>\n<\/div>\n<p>&nbsp;<\/p>\n<div class=\"row text-left mt-3 align-items-top\">\n<div class=\"col-md-4 mt-3\"><\/div>\n<\/div>\n","protected":false},"excerpt":{"rendered":"<p>La surjeteuse ELNA 864 AIR propose un enfilage \u00e0 air puls\u00e9. Avec sa simplicit\u00e9 d&rsquo;utilisation et de mise en oeuvre, cette surjeteuse s\u00e9duira toutes les couturi\u00e8res qui recherchent une machine simple et confortable \u00e0 utiliser. La contrainte d&rsquo;enfilage \u00e9tant simplifi\u00e9e, vous pourrez pleinement utiliser toutes les possibilit\u00e9s de cette surjeteuse Elna 864 AIR.<\/p>\n","protected":false},"featured_media":170,"template":"","meta":{"site-sidebar-layout":"default","site-content-layout":"","ast-site-content-layout":"default","site-content-style":"default","site-sidebar-style":"default","ast-global-header-display":"","ast-banner-title-visibility":"","ast-main-header-display":"","ast-hfb-above-header-display":"","ast-hfb-below-header-display":"","ast-hfb-mobile-header-display":"","site-post-title":"","ast-breadcrumbs-content":"","ast-featured-img":"","footer-sml-layout":"","ast-disable-related-posts":"","theme-transparent-header-meta":"default","adv-header-id-meta":"","stick-header-meta":"","header-above-stick-meta":"","header-main-stick-meta":"","header-below-stick-meta":"","astra-migrate-meta-layouts":"set","ast-page-background-enabled":"default","ast-page-background-meta":{"desktop":{"background-color":"var(--ast-global-color-5)","background-image":"","background-repeat":"repeat","background-position":"center center","background-size":"auto","background-attachment":"scroll","background-type":"","background-media":"","overlay-type":"","overlay-color":"","overlay-opacity":"","overlay-gradient":""},"tablet":{"background-color":"","background-image":"","background-repeat":"repeat","background-position":"center center","background-size":"auto","background-attachment":"scroll","background-type":"","background-media":"","overlay-type":"","overlay-color":"","overlay-opacity":"","overlay-gradient":""},"mobile":{"background-color":"","background-image":"","background-repeat":"repeat","background-position":"center center","background-size":"auto","background-attachment":"scroll","background-type":"","background-media":"","overlay-type":"","overlay-color":"","overlay-opacity":"","overlay-gradient":""}},"ast-content-background-meta":{"desktop":{"background-color":"var(--ast-global-color-4)","background-image":"","background-repeat":"repeat","background-position":"center center","background-size":"auto","background-attachment":"scroll","background-type":"","background-media":"","overlay-type":"","overlay-color":"","overlay-opacity":"","overlay-gradient":""},"tablet":{"background-color":"var(--ast-global-color-4)","background-image":"","background-repeat":"repeat","background-position":"center center","background-size":"auto","background-attachment":"scroll","background-type":"","background-media":"","overlay-type":"","overlay-color":"","overlay-opacity":"","overlay-gradient":""},"mobile":{"background-color":"var(--ast-global-color-4)","background-image":"","background-repeat":"repeat","background-position":"center center","background-size":"auto","background-attachment":"scroll","background-type":"","background-media":"","overlay-type":"","overlay-color":"","overlay-opacity":"","overlay-gradient":""}}},"product_brand":[25],"product_cat":[24],"product_tag":[],"class_list":{"0":"post-167","1":"product","2":"type-product","3":"status-publish","4":"has-post-thumbnail","6":"product_brand-elna","7":"product_cat-surjeteuse","8":"product_shipping_class-livraison-a-domicile","9":"desktop-align-left","10":"tablet-align-left","11":"mobile-align-left","13":"first","14":"instock","15":"sale","16":"shipping-taxable","17":"purchasable","18":"product-type-variable"},"jetpack_sharing_enabled":true,"_links":{"self":[{"href":"https:\/\/clinique-de-la-machine-a-coudre.fr\/index.php\/wp-json\/wp\/v2\/product\/167","targetHints":{"allow":["GET"]}}],"collection":[{"href":"https:\/\/clinique-de-la-machine-a-coudre.fr\/index.php\/wp-json\/wp\/v2\/product"}],"about":[{"href":"https:\/\/clinique-de-la-machine-a-coudre.fr\/index.php\/wp-json\/wp\/v2\/types\/product"}],"wp:featuredmedia":[{"embeddable":true,"href":"https:\/\/clinique-de-la-machine-a-coudre.fr\/index.php\/wp-json\/wp\/v2\/media\/170"}],"wp:attachment":[{"href":"https:\/\/clinique-de-la-machine-a-coudre.fr\/index.php\/wp-json\/wp\/v2\/media?parent=167"}],"wp:term":[{"taxonomy":"product_brand","embeddable":true,"href":"https:\/\/clinique-de-la-machine-a-coudre.fr\/index.php\/wp-json\/wp\/v2\/product_brand?post=167"},{"taxonomy":"product_cat","embeddable":true,"href":"https:\/\/clinique-de-la-machine-a-coudre.fr\/index.php\/wp-json\/wp\/v2\/product_cat?post=167"},{"taxonomy":"product_tag","embeddable":true,"href":"https:\/\/clinique-de-la-machine-a-coudre.fr\/index.php\/wp-json\/wp\/v2\/product_tag?post=167"}],"curies":[{"name":"wp","href":"https:\/\/api.w.org\/{rel}","templated":true}]}}