{"id":160,"date":"2025-12-13T17:35:31","date_gmt":"2025-12-13T17:35:31","guid":{"rendered":"https:\/\/clinique-de-la-machine-a-coudre.fr\/?post_type=product&#038;p=160"},"modified":"2025-12-13T17:53:49","modified_gmt":"2025-12-13T17:53:49","slug":"elna-extend-864air","status":"publish","type":"product","link":"https:\/\/clinique-de-la-machine-a-coudre.fr\/index.php\/produit\/elna-extend-864air\/","title":{"rendered":"ELNA EXTEND 864AIR"},"content":{"rendered":"<p>La surjeteuse ELNA 864 AIR propose un enfilage \u00e0 air puls\u00e9. Avec sa simplicit\u00e9 d&rsquo;utilisation et de mise en oeuvre, cette surjeteuse s\u00e9duira toutes les couturi\u00e8res qui recherchent une machine simple et confortable \u00e0 utiliser. La contrainte d&rsquo;enfilage \u00e9tant simplifi\u00e9e, vous pourrez pleinement utiliser toutes les possibilit\u00e9s de cette surjeteuse Elna 864 AIR.<\/p>\n<div class=\"product-information\">\n<div class=\"product-actions\">\n<div class=\"tabs product-tabs\">\n<div id=\"product-infos-tabs-content\" class=\"tab-content\">\n<div id=\"description\" class=\"tab-pane in active\">\n<div class=\"product-description\">\n<div class=\"rte-content\">\n<div class=\"row text-left mt-3 align-items-top\">\n<div class=\"col-md-6 mt-3\">\n<h5>Caract\u00e9ristiques<\/h5>\n<ul>\n<li>Nombre de programme:<strong>\u00a013<\/strong><\/li>\n<li>Nombre de fils:<strong>\u00a02, 3 et 4 fils<\/strong><\/li>\n<li>Nombre d&rsquo;aiguilles:\u00a0<strong>1 ou 2 aiguilles<\/strong><\/li>\n<li>Longueur du point: de\u00a0<strong>1 \u00e0 5 mm<\/strong><\/li>\n<li>Transport diff\u00e9rentiel r\u00e9glable: de\u00a0<strong>0.5 \u00e0 2<\/strong><\/li>\n<li>Ouverture du couteau sup\u00e9rieur:\u00a0<strong>10 mm<\/strong><\/li>\n<li>R\u00e9glage de la largeur de coupe en utilisant l&rsquo;aiguille droite: de\u00a0<strong>5,5 \u00e0 7,5 mm<\/strong><\/li>\n<li>R\u00e9glage de la largeur de coupe en utilisant l&rsquo;aiguille gauche: de\u00a0<strong>3,3 \u00e0 5,3 mm<\/strong><\/li>\n<li>Vitesse de couture maximale:\u00a0<strong>1300 points par minute<\/strong><\/li>\n<li>Syst\u00e8me d&rsquo;enfilage \u00e0 air puls\u00e9 (manuel)<\/li>\n<li>Enfile-aiguille int\u00e9gr\u00e9<\/li>\n<li>Guides d&rsquo;enfilage not\u00e9s par couleur<\/li>\n<li>Griffes de transport: 8 griffes<\/li>\n<li>Coupe-fil int\u00e9gr\u00e9<\/li>\n<li>R\u00e9glage de la pression du pied-de-biche: s\u00e9lecteur\u00a0<strong>5 positions<\/strong><\/li>\n<li>Contr\u00f4le de la tension du fil: Manuel<\/li>\n<li>Position extra-haute du pied-de-biche:<strong>\u00a05,5 mm<\/strong><\/li>\n<li>Pied-de-biche encliquetable<\/li>\n<li>Dispositif de roulott\u00e9 instantan\u00e9<\/li>\n<li>Convertisseur 2 fils<\/li>\n<li>Syst\u00e8me de s\u00e9curit\u00e9: couvercle du boucleur \/ couvercle lat\u00e9ral \/ Levier du pied-de-biche<\/li>\n<li>Eclairage: 1 LED dispos\u00e9 \u00e0 1 endroit<\/li>\n<li>Nombre de porte-bobines: 4<\/li>\n<li>Antenne t\u00e9lescopique<\/li>\n<li>Poign\u00e9e de transport<\/li>\n<\/ul>\n<\/div>\n<\/div>\n<\/div>\n<\/div>\n<\/div>\n<\/div>\n<\/div>\n<\/div>\n<\/div>\n<p>&nbsp;<\/p>\n<div class=\"row text-left mt-3 align-items-top\">\n<div class=\"col-md-4 mt-3\"><\/div>\n<\/div>\n","protected":false},"excerpt":{"rendered":"<p>La surjeteuse ELNA 864 AIR propose un enfilage \u00e0 air puls\u00e9. Avec sa simplicit\u00e9 d&rsquo;utilisation et de mise en oeuvre, cette surjeteuse s\u00e9duira toutes les couturi\u00e8res qui recherchent une machine simple et confortable \u00e0 utiliser. La contrainte d&rsquo;enfilage \u00e9tant simplifi\u00e9e, vous pourrez pleinement utiliser toutes les possibilit\u00e9s de cette surjeteuse Elna 864 AIR.<\/p>\n","protected":false},"featured_media":163,"template":"","meta":{"site-sidebar-layout":"default","site-content-layout":"","ast-site-content-layout":"default","site-content-style":"default","site-sidebar-style":"default","ast-global-header-display":"","ast-banner-title-visibility":"","ast-main-header-display":"","ast-hfb-above-header-display":"","ast-hfb-below-header-display":"","ast-hfb-mobile-header-display":"","site-post-title":"","ast-breadcrumbs-content":"","ast-featured-img":"","footer-sml-layout":"","ast-disable-related-posts":"","theme-transparent-header-meta":"default","adv-header-id-meta":"","stick-header-meta":"","header-above-stick-meta":"","header-main-stick-meta":"","header-below-stick-meta":"","astra-migrate-meta-layouts":"set","ast-page-background-enabled":"default","ast-page-background-meta":{"desktop":{"background-color":"var(--ast-global-color-5)","background-image":"","background-repeat":"repeat","background-position":"center center","background-size":"auto","background-attachment":"scroll","background-type":"","background-media":"","overlay-type":"","overlay-color":"","overlay-opacity":"","overlay-gradient":""},"tablet":{"background-color":"","background-image":"","background-repeat":"repeat","background-position":"center center","background-size":"auto","background-attachment":"scroll","background-type":"","background-media":"","overlay-type":"","overlay-color":"","overlay-opacity":"","overlay-gradient":""},"mobile":{"background-color":"","background-image":"","background-repeat":"repeat","background-position":"center center","background-size":"auto","background-attachment":"scroll","background-type":"","background-media":"","overlay-type":"","overlay-color":"","overlay-opacity":"","overlay-gradient":""}},"ast-content-background-meta":{"desktop":{"background-color":"var(--ast-global-color-4)","background-image":"","background-repeat":"repeat","background-position":"center center","background-size":"auto","background-attachment":"scroll","background-type":"","background-media":"","overlay-type":"","overlay-color":"","overlay-opacity":"","overlay-gradient":""},"tablet":{"background-color":"var(--ast-global-color-4)","background-image":"","background-repeat":"repeat","background-position":"center center","background-size":"auto","background-attachment":"scroll","background-type":"","background-media":"","overlay-type":"","overlay-color":"","overlay-opacity":"","overlay-gradient":""},"mobile":{"background-color":"var(--ast-global-color-4)","background-image":"","background-repeat":"repeat","background-position":"center center","background-size":"auto","background-attachment":"scroll","background-type":"","background-media":"","overlay-type":"","overlay-color":"","overlay-opacity":"","overlay-gradient":""}}},"product_brand":[25],"product_cat":[24],"product_tag":[],"class_list":{"0":"post-160","1":"product","2":"type-product","3":"status-publish","4":"has-post-thumbnail","6":"product_brand-elna","7":"product_cat-surjeteuse","8":"product_shipping_class-livraison-a-domicile-offert","9":"desktop-align-left","10":"tablet-align-left","11":"mobile-align-left","13":"first","14":"instock","15":"sale","16":"shipping-taxable","17":"purchasable","18":"product-type-variable"},"jetpack_sharing_enabled":true,"_links":{"self":[{"href":"https:\/\/clinique-de-la-machine-a-coudre.fr\/index.php\/wp-json\/wp\/v2\/product\/160","targetHints":{"allow":["GET"]}}],"collection":[{"href":"https:\/\/clinique-de-la-machine-a-coudre.fr\/index.php\/wp-json\/wp\/v2\/product"}],"about":[{"href":"https:\/\/clinique-de-la-machine-a-coudre.fr\/index.php\/wp-json\/wp\/v2\/types\/product"}],"wp:featuredmedia":[{"embeddable":true,"href":"https:\/\/clinique-de-la-machine-a-coudre.fr\/index.php\/wp-json\/wp\/v2\/media\/163"}],"wp:attachment":[{"href":"https:\/\/clinique-de-la-machine-a-coudre.fr\/index.php\/wp-json\/wp\/v2\/media?parent=160"}],"wp:term":[{"taxonomy":"product_brand","embeddable":true,"href":"https:\/\/clinique-de-la-machine-a-coudre.fr\/index.php\/wp-json\/wp\/v2\/product_brand?post=160"},{"taxonomy":"product_cat","embeddable":true,"href":"https:\/\/clinique-de-la-machine-a-coudre.fr\/index.php\/wp-json\/wp\/v2\/product_cat?post=160"},{"taxonomy":"product_tag","embeddable":true,"href":"https:\/\/clinique-de-la-machine-a-coudre.fr\/index.php\/wp-json\/wp\/v2\/product_tag?post=160"}],"curies":[{"name":"wp","href":"https:\/\/api.w.org\/{rel}","templated":true}]}}