{"id":152,"date":"2025-12-13T17:24:25","date_gmt":"2025-12-13T17:24:25","guid":{"rendered":"https:\/\/clinique-de-la-machine-a-coudre.fr\/?post_type=product&#038;p=152"},"modified":"2025-12-13T17:52:18","modified_gmt":"2025-12-13T17:52:18","slug":"elna-extend-664-v2","status":"publish","type":"product","link":"https:\/\/clinique-de-la-machine-a-coudre.fr\/index.php\/produit\/elna-extend-664-v2\/","title":{"rendered":"ELNA EXTEND 664 V2"},"content":{"rendered":"<p>Surjeteuse raseuse 3 ou 4 fils, vitesse de 1300 points par minute, bras libre, diff\u00e9rentiel, possibilit\u00e9 de faire des ourlets roulott\u00e9s, surjeteuse simple d&rsquo;utilisation, pr\u00e9cise et robuste, notice en Fran\u00e7ais.<\/p>\n<p><b>Caract\u00e9ristiques :<\/b><\/p>\n<ul>\n<li>Syst\u00e8me d&rsquo;enfilage simplifi\u00e9<\/li>\n<li>Vitesse de couture de 1300 points par minute<\/li>\n<li>Diff\u00e9rentiel assurant une couture parfaite sur tout type de tissus de 0,5 \u00e0 2,25 mm<\/li>\n<li>Basculement ais\u00e9 entre les points et le roulott\u00e9<\/li>\n<li>Longueur du point r\u00e9glable de 1 \u00e0 5 mm<\/li>\n<li>R\u00e9glage de la largeur de coupe de 3 \u00e0 7 mm<\/li>\n<\/ul>\n","protected":false},"excerpt":{"rendered":"<p>Surjeteuse raseuse 3 ou 4 fils, vitesse de 1300 points par minute, bras libre, diff\u00e9rentiel, possibilit\u00e9 de faire des ourlets roulott\u00e9s, surjeteuse simple d&rsquo;utilisation, pr\u00e9cise et robuste, notice en Fran\u00e7ais.<\/p>\n","protected":false},"featured_media":155,"template":"","meta":{"site-sidebar-layout":"default","site-content-layout":"","ast-site-content-layout":"default","site-content-style":"default","site-sidebar-style":"default","ast-global-header-display":"","ast-banner-title-visibility":"","ast-main-header-display":"","ast-hfb-above-header-display":"","ast-hfb-below-header-display":"","ast-hfb-mobile-header-display":"","site-post-title":"","ast-breadcrumbs-content":"","ast-featured-img":"","footer-sml-layout":"","ast-disable-related-posts":"","theme-transparent-header-meta":"default","adv-header-id-meta":"","stick-header-meta":"","header-above-stick-meta":"","header-main-stick-meta":"","header-below-stick-meta":"","astra-migrate-meta-layouts":"set","ast-page-background-enabled":"default","ast-page-background-meta":{"desktop":{"background-color":"var(--ast-global-color-5)","background-image":"","background-repeat":"repeat","background-position":"center center","background-size":"auto","background-attachment":"scroll","background-type":"","background-media":"","overlay-type":"","overlay-color":"","overlay-opacity":"","overlay-gradient":""},"tablet":{"background-color":"","background-image":"","background-repeat":"repeat","background-position":"center center","background-size":"auto","background-attachment":"scroll","background-type":"","background-media":"","overlay-type":"","overlay-color":"","overlay-opacity":"","overlay-gradient":""},"mobile":{"background-color":"","background-image":"","background-repeat":"repeat","background-position":"center center","background-size":"auto","background-attachment":"scroll","background-type":"","background-media":"","overlay-type":"","overlay-color":"","overlay-opacity":"","overlay-gradient":""}},"ast-content-background-meta":{"desktop":{"background-color":"var(--ast-global-color-4)","background-image":"","background-repeat":"repeat","background-position":"center center","background-size":"auto","background-attachment":"scroll","background-type":"","background-media":"","overlay-type":"","overlay-color":"","overlay-opacity":"","overlay-gradient":""},"tablet":{"background-color":"var(--ast-global-color-4)","background-image":"","background-repeat":"repeat","background-position":"center center","background-size":"auto","background-attachment":"scroll","background-type":"","background-media":"","overlay-type":"","overlay-color":"","overlay-opacity":"","overlay-gradient":""},"mobile":{"background-color":"var(--ast-global-color-4)","background-image":"","background-repeat":"repeat","background-position":"center center","background-size":"auto","background-attachment":"scroll","background-type":"","background-media":"","overlay-type":"","overlay-color":"","overlay-opacity":"","overlay-gradient":""}}},"product_brand":[25],"product_cat":[24],"product_tag":[],"class_list":{"0":"post-152","1":"product","2":"type-product","3":"status-publish","4":"has-post-thumbnail","6":"product_brand-elna","7":"product_cat-surjeteuse","8":"product_shipping_class-livraison-a-domicile","9":"desktop-align-left","10":"tablet-align-left","11":"mobile-align-left","13":"first","14":"instock","15":"sale","16":"shipping-taxable","17":"purchasable","18":"product-type-variable"},"jetpack_sharing_enabled":true,"_links":{"self":[{"href":"https:\/\/clinique-de-la-machine-a-coudre.fr\/index.php\/wp-json\/wp\/v2\/product\/152","targetHints":{"allow":["GET"]}}],"collection":[{"href":"https:\/\/clinique-de-la-machine-a-coudre.fr\/index.php\/wp-json\/wp\/v2\/product"}],"about":[{"href":"https:\/\/clinique-de-la-machine-a-coudre.fr\/index.php\/wp-json\/wp\/v2\/types\/product"}],"wp:featuredmedia":[{"embeddable":true,"href":"https:\/\/clinique-de-la-machine-a-coudre.fr\/index.php\/wp-json\/wp\/v2\/media\/155"}],"wp:attachment":[{"href":"https:\/\/clinique-de-la-machine-a-coudre.fr\/index.php\/wp-json\/wp\/v2\/media?parent=152"}],"wp:term":[{"taxonomy":"product_brand","embeddable":true,"href":"https:\/\/clinique-de-la-machine-a-coudre.fr\/index.php\/wp-json\/wp\/v2\/product_brand?post=152"},{"taxonomy":"product_cat","embeddable":true,"href":"https:\/\/clinique-de-la-machine-a-coudre.fr\/index.php\/wp-json\/wp\/v2\/product_cat?post=152"},{"taxonomy":"product_tag","embeddable":true,"href":"https:\/\/clinique-de-la-machine-a-coudre.fr\/index.php\/wp-json\/wp\/v2\/product_tag?post=152"}],"curies":[{"name":"wp","href":"https:\/\/api.w.org\/{rel}","templated":true}]}}