{"id":148,"date":"2025-12-13T17:18:36","date_gmt":"2025-12-13T17:18:36","guid":{"rendered":"https:\/\/clinique-de-la-machine-a-coudre.fr\/?post_type=product&#038;p=148"},"modified":"2025-12-13T17:51:53","modified_gmt":"2025-12-13T17:51:53","slug":"brother-pr1060w","status":"publish","type":"product","link":"https:\/\/clinique-de-la-machine-a-coudre.fr\/index.php\/produit\/brother-pr1060w\/","title":{"rendered":"Brother PR1060W"},"content":{"rendered":"<p>Entrez dans l&rsquo;\u00e8re de l&rsquo;entrepreneuriat avec la machine \u00e0 broder\u00a0<b>Brother Entrepreneur Pro W PR1060W<\/b>. Que vous vous lanciez dans la broderie multi-aiguilles, que vous souhaitiez transformer votre passion en entreprise ou que vous cherchiez \u00e0 optimiser votre atelier, la PR1060W est la solution ultime pour des r\u00e9sultats exceptionnels, alliant le meilleur de la technologie et une qualit\u00e9 de fabrication irr\u00e9prochable.<\/p>\n<p>&nbsp;<\/p>\n<h3>Un concentr\u00e9 de puissance et de productivit\u00e9<\/h3>\n<p>La PR1060W est con\u00e7ue pour la performance. Avec une\u00a0<b>vitesse de broderie pouvant atteindre 1000 points par minute<\/b>\u00a0et une acc\u00e9l\u00e9ration ultra-rapide, vous r\u00e9duisez consid\u00e9rablement le temps de production.<\/p>\n<ul>\n<li><b>Vitesse de 10 aiguilles :<\/b>\u00a0Acc\u00e9l\u00e9rez votre production avec une vitesse de broderie pouvant atteindre 1000 points par minute.<\/li>\n<li><b>Fonction de copie matricielle :<\/b>\u00a0Gagnez du temps et du tissu en arrangeant automatiquement les motifs r\u00e9p\u00e9titifs, cr\u00e9ant plusieurs pi\u00e8ces sur un seul cadre.<\/li>\n<\/ul>\n<h3>Une cr\u00e9ativit\u00e9 sans limites<\/h3>\n<p>La PR1060W vous ouvre un univers de possibilit\u00e9s. Sa vaste biblioth\u00e8que de\u00a0<b>plus de 1200 motifs de broderie<\/b>,\u00a0<b>50 polices de caract\u00e8res<\/b>\u00a0et une police 3D \u00ab\u00a0puff\u00a0\u00bb vous permettent de r\u00e9pondre \u00e0 toutes les demandes. L&rsquo;exclusif\u00a0<b>My Design Center<\/b>\u00a0vous offre la possibilit\u00e9 de cr\u00e9er et de personnaliser vos propres motifs directement sur la machine, sans ordinateur. De plus, son grand espace de broderie de\u00a0<b>20 cm x 36 cm (8&Prime; x 14&Prime;)<\/b>\u00a0est parfait pour les grands projets comme les vestes ou les cr\u00e9ations de d\u00e9coration.<\/p>\n<ul>\n<li><b>Vaste biblioth\u00e8que de designs :<\/b>\u00a0Explorez plus de 1200 motifs, 50 polices et une police 3D, avec la possibilit\u00e9 d&rsquo;importer de nouveaux motifs via l&rsquo;application\u00a0<b>Artspira<\/b>.<\/li>\n<li><b>My Design Center :<\/b>\u00a0Cr\u00e9ez vos propres motifs sur la machine, avec des fonctions de dessin personnalis\u00e9, de piquetage et de remplissage automatiques.<\/li>\n<li><b>Grand espace de travail :<\/b>\u00a0Brodez des projets de grande envergure gr\u00e2ce \u00e0 la zone de broderie spacieuse de\u00a0<b>20 cm x 36 cm<\/b>.<\/li>\n<\/ul>\n<h3>Des outils intelligents pour un travail pr\u00e9cis et connect\u00e9<\/h3>\n<p>La PR1060W est \u00e9quip\u00e9e de fonctionnalit\u00e9s intuitives qui simplifient la production. La\u00a0<b>fonction de cam\u00e9ra int\u00e9gr\u00e9e<\/b>\u00a0vous donne un aper\u00e7u en temps r\u00e9el de votre zone de travail, vous permettant de positionner vos motifs avec une pr\u00e9cision in\u00e9gal\u00e9e. Gr\u00e2ce aux capacit\u00e9s sans fil, vous b\u00e9n\u00e9ficiez d&rsquo;une exp\u00e9rience fluide et connect\u00e9e. Les applications mobiles comme\u00a0<b>My Stitch Monitor<\/b>\u00a0et\u00a0<b>Artspira<\/b>\u00a0vous alertent sur l&rsquo;\u00e9tat de votre projet ou vous donnent acc\u00e8s \u00e0 de nouvelles cr\u00e9ations, o\u00f9 que vous soyez.<\/p>\n<ul>\n<li><b>Fonction cam\u00e9ra int\u00e9gr\u00e9e :<\/b>\u00a0Pr\u00e9visualisez en temps r\u00e9el le placement de votre design sur le tissu pour une pr\u00e9cision parfaite.<\/li>\n<li><b>Connectivit\u00e9 sans fil :<\/b>\u00a0B\u00e9n\u00e9ficiez d&rsquo;une exp\u00e9rience de broderie simplifi\u00e9e gr\u00e2ce aux fonctionnalit\u00e9s sans fil et aux applications mobiles d\u00e9di\u00e9es.<\/li>\n<li><b>\u00c9cran LCD de 10,1&Prime; :<\/b>\u00a0Visualisez vos cr\u00e9ations en haute d\u00e9finition et naviguez dans les menus avec des ic\u00f4nes claires et intuitives.<\/li>\n<li><b>Tutoriels int\u00e9gr\u00e9s :<\/b>\u00a0Apprenez les bases rapidement gr\u00e2ce \u00e0 une biblioth\u00e8que de 33 vid\u00e9os tutoriels, accessibles par code QR directement sur l&rsquo;\u00e9cran.<\/li>\n<\/ul>\n","protected":false},"excerpt":{"rendered":"<p>Entrez dans l&rsquo;\u00e8re de l&rsquo;entrepreneuriat avec la machine \u00e0 broder\u00a0<b>Brother Entrepreneur Pro W PR1060W<\/b>. Que vous vous lanciez dans la broderie multi-aiguilles, que vous souhaitiez transformer votre passion en entreprise ou que vous cherchiez \u00e0 optimiser votre atelier, la PR1060W est la solution ultime pour des r\u00e9sultats exceptionnels, alliant le meilleur de la technologie et une qualit\u00e9 de fabrication irr\u00e9prochable.<\/p>\n","protected":false},"featured_media":151,"template":"","meta":{"site-sidebar-layout":"default","site-content-layout":"","ast-site-content-layout":"default","site-content-style":"default","site-sidebar-style":"default","ast-global-header-display":"","ast-banner-title-visibility":"","ast-main-header-display":"","ast-hfb-above-header-display":"","ast-hfb-below-header-display":"","ast-hfb-mobile-header-display":"","site-post-title":"","ast-breadcrumbs-content":"","ast-featured-img":"","footer-sml-layout":"","ast-disable-related-posts":"","theme-transparent-header-meta":"default","adv-header-id-meta":"","stick-header-meta":"","header-above-stick-meta":"","header-main-stick-meta":"","header-below-stick-meta":"","astra-migrate-meta-layouts":"set","ast-page-background-enabled":"default","ast-page-background-meta":{"desktop":{"background-color":"var(--ast-global-color-5)","background-image":"","background-repeat":"repeat","background-position":"center center","background-size":"auto","background-attachment":"scroll","background-type":"","background-media":"","overlay-type":"","overlay-color":"","overlay-opacity":"","overlay-gradient":""},"tablet":{"background-color":"","background-image":"","background-repeat":"repeat","background-position":"center center","background-size":"auto","background-attachment":"scroll","background-type":"","background-media":"","overlay-type":"","overlay-color":"","overlay-opacity":"","overlay-gradient":""},"mobile":{"background-color":"","background-image":"","background-repeat":"repeat","background-position":"center center","background-size":"auto","background-attachment":"scroll","background-type":"","background-media":"","overlay-type":"","overlay-color":"","overlay-opacity":"","overlay-gradient":""}},"ast-content-background-meta":{"desktop":{"background-color":"var(--ast-global-color-4)","background-image":"","background-repeat":"repeat","background-position":"center center","background-size":"auto","background-attachment":"scroll","background-type":"","background-media":"","overlay-type":"","overlay-color":"","overlay-opacity":"","overlay-gradient":""},"tablet":{"background-color":"var(--ast-global-color-4)","background-image":"","background-repeat":"repeat","background-position":"center center","background-size":"auto","background-attachment":"scroll","background-type":"","background-media":"","overlay-type":"","overlay-color":"","overlay-opacity":"","overlay-gradient":""},"mobile":{"background-color":"var(--ast-global-color-4)","background-image":"","background-repeat":"repeat","background-position":"center center","background-size":"auto","background-attachment":"scroll","background-type":"","background-media":"","overlay-type":"","overlay-color":"","overlay-opacity":"","overlay-gradient":""}}},"product_brand":[19],"product_cat":[22],"product_tag":[],"class_list":{"0":"post-148","1":"product","2":"type-product","3":"status-publish","4":"has-post-thumbnail","6":"product_brand-brother","7":"product_cat-brodeuse","8":"product_shipping_class-livraison-a-domicile-offert","9":"desktop-align-left","10":"tablet-align-left","11":"mobile-align-left","13":"first","14":"instock","15":"shipping-taxable","16":"purchasable","17":"product-type-variable"},"jetpack_sharing_enabled":true,"_links":{"self":[{"href":"https:\/\/clinique-de-la-machine-a-coudre.fr\/index.php\/wp-json\/wp\/v2\/product\/148","targetHints":{"allow":["GET"]}}],"collection":[{"href":"https:\/\/clinique-de-la-machine-a-coudre.fr\/index.php\/wp-json\/wp\/v2\/product"}],"about":[{"href":"https:\/\/clinique-de-la-machine-a-coudre.fr\/index.php\/wp-json\/wp\/v2\/types\/product"}],"wp:featuredmedia":[{"embeddable":true,"href":"https:\/\/clinique-de-la-machine-a-coudre.fr\/index.php\/wp-json\/wp\/v2\/media\/151"}],"wp:attachment":[{"href":"https:\/\/clinique-de-la-machine-a-coudre.fr\/index.php\/wp-json\/wp\/v2\/media?parent=148"}],"wp:term":[{"taxonomy":"product_brand","embeddable":true,"href":"https:\/\/clinique-de-la-machine-a-coudre.fr\/index.php\/wp-json\/wp\/v2\/product_brand?post=148"},{"taxonomy":"product_cat","embeddable":true,"href":"https:\/\/clinique-de-la-machine-a-coudre.fr\/index.php\/wp-json\/wp\/v2\/product_cat?post=148"},{"taxonomy":"product_tag","embeddable":true,"href":"https:\/\/clinique-de-la-machine-a-coudre.fr\/index.php\/wp-json\/wp\/v2\/product_tag?post=148"}],"curies":[{"name":"wp","href":"https:\/\/api.w.org\/{rel}","templated":true}]}}