{"id":144,"date":"2025-12-13T17:14:31","date_gmt":"2025-12-13T17:14:31","guid":{"rendered":"https:\/\/clinique-de-la-machine-a-coudre.fr\/?post_type=product&#038;p=144"},"modified":"2025-12-13T17:51:25","modified_gmt":"2025-12-13T17:51:25","slug":"brother-pr680w","status":"publish","type":"product","link":"https:\/\/clinique-de-la-machine-a-coudre.fr\/index.php\/produit\/brother-pr680w\/","title":{"rendered":"Brother PR680W"},"content":{"rendered":"<p>Si vous envisagez de devenir professionnel(elle), choisissez la machine \u00e0 broder semi-professionnelle 6 aiguilles\u00a0<strong>Entrepreneur W PR680W.<\/strong><br \/>\nAvec ses 6 aiguilles et sa fonction d&rsquo;acc\u00e9l\u00e9ration grande vitesse, la\u00a0<strong>PR680W<\/strong>\u00a0est capable de g\u00e9rer des projets de diff\u00e9rentes tailles. B\u00e9n\u00e9ficiez d\u2019un grand espace de cr\u00e9ation gr\u00e2ce au g\u00e9n\u00e9reux champ de broderie jusqu&rsquo;\u00e0\u00a0<strong>200 x 300 mm<\/strong>\u00a0et visualisez distinctement vos motifs sur le grand \u00e9cran couleur tactile LCD haute d\u00e9finition de<strong>\u00a025,7 cm<\/strong>.<\/p>\n<p>Cr\u00e9ez votre propre motif via un logiciel de cr\u00e9ation (en option) ou trouvez celui qui vous convient parmi les<strong>\u00a0763 motifs de broderie int\u00e9gr\u00e9s<\/strong>.<br \/>\nBesoin de positionner votre aiguille avec une extr\u00eame pr\u00e9cision? Placez pr\u00e9cis\u00e9ment le laser de positionnement en forme de croix, visualisez le point de chute de l\u2019aiguille et le placement du motif.<br \/>\nCette machine \u00e0 broder BROTHER propose polyvalence, vitesse et \u00e9dition de niveau sup\u00e9rieur. Transformez les d\u00e9fis en opportunit\u00e9s et d\u00e9couvrez comment la machine \u00e0 broder\u00a0<strong>Entrepreneur W PR680W<\/strong>\u00a0peut faire passer votre passion au niveau sup\u00e9rieur.<\/p>\n<p>Caract\u00e9ristiques :<\/p>\n<ul class=\"tick-list\">\n<li><strong>6 aiguilles<\/strong>\u00a0r\u00e9glables individuellement<\/li>\n<li>Champ de broderie jusqu\u2019\u00e0<strong>\u00a0300 x 200 mm<\/strong><\/li>\n<li>Ecran LCD couleur tactile de\u00a0<strong>25,7 cm<\/strong><\/li>\n<li><strong>25 vid\u00e9os<\/strong>\u00a0tutorielles int\u00e9gr\u00e9es<\/li>\n<li>Fonction d\u2019acc\u00e9l\u00e9ration grande vitesse \u2013\u00a0<strong>de 0 \u00e0 1000 points par minute en 7 secondes<\/strong><\/li>\n<li>Regroupement des couleurs<\/li>\n<li>Tri des couleurs<\/li>\n<li>Touche de raccourci pour une meilleure gestion des flux de travail<\/li>\n<li><strong>Laser de positionnement<\/strong>\u00a0en forme de croix et fonction d\u2018ajustement automatique de la position et de l\u2018orientation du motif<\/li>\n<li>Fonction de connexion sans\u00a0<strong>fil WLAN<\/strong>\u00a0(comme la PR1055X) \u2013 Reliez jusqu\u2019\u00e0\u00a0<strong>10 machines via un ordinateur<\/strong>*, mises \u00e0 jours automatiques et envoi depuis l\u2019application PC de transfert de base de donn\u00e9es DDT (Design Data Transfer**)<\/li>\n<li>Am\u00e9lioration du r\u00e9glage des tensions de fils<\/li>\n<li><strong>50 polices<\/strong>\u00a0de caract\u00e8res (13 nouvelles dont 3 polices CEE)<\/li>\n<li><strong>40 nouveaux<\/strong>\u00a0motifs de broderie, 1 nouvel alphabet d\u00e9co (81 motifs)<\/li>\n<li>Fonctions de verrouillage &amp; optimisation<\/li>\n<li>Option : nouveaux cadres \u00e0 broder magn\u00e9tiques 100 x 100 mm &amp; 180 x 130 mm, cadre casquette, manche et chaussure.<\/li>\n<li>Poids de la machine: 38kg<\/li>\n<\/ul>\n","protected":false},"excerpt":{"rendered":"<p>Si vous envisagez de devenir professionnel(elle), choisissez la machine \u00e0 broder semi-professionnelle 6 aiguilles\u00a0<strong>Entrepreneur W PR680W.<\/strong><br \/>\nAvec ses 6 aiguilles et sa fonction d&rsquo;acc\u00e9l\u00e9ration grande vitesse, la\u00a0<strong>PR680W<\/strong>\u00a0est capable de g\u00e9rer des projets de diff\u00e9rentes tailles. B\u00e9n\u00e9ficiez d\u2019un grand espace de cr\u00e9ation gr\u00e2ce au g\u00e9n\u00e9reux champ de broderie jusqu&rsquo;\u00e0\u00a0<strong>200 x 300 mm<\/strong>\u00a0et visualisez distinctement vos motifs sur le grand \u00e9cran couleur tactile LCD haute d\u00e9finition de<strong>\u00a025,7 cm<\/strong>.<\/p>\n","protected":false},"featured_media":147,"template":"","meta":{"site-sidebar-layout":"default","site-content-layout":"","ast-site-content-layout":"default","site-content-style":"default","site-sidebar-style":"default","ast-global-header-display":"","ast-banner-title-visibility":"","ast-main-header-display":"","ast-hfb-above-header-display":"","ast-hfb-below-header-display":"","ast-hfb-mobile-header-display":"","site-post-title":"","ast-breadcrumbs-content":"","ast-featured-img":"","footer-sml-layout":"","ast-disable-related-posts":"","theme-transparent-header-meta":"default","adv-header-id-meta":"","stick-header-meta":"","header-above-stick-meta":"","header-main-stick-meta":"","header-below-stick-meta":"","astra-migrate-meta-layouts":"set","ast-page-background-enabled":"default","ast-page-background-meta":{"desktop":{"background-color":"var(--ast-global-color-5)","background-image":"","background-repeat":"repeat","background-position":"center center","background-size":"auto","background-attachment":"scroll","background-type":"","background-media":"","overlay-type":"","overlay-color":"","overlay-opacity":"","overlay-gradient":""},"tablet":{"background-color":"","background-image":"","background-repeat":"repeat","background-position":"center center","background-size":"auto","background-attachment":"scroll","background-type":"","background-media":"","overlay-type":"","overlay-color":"","overlay-opacity":"","overlay-gradient":""},"mobile":{"background-color":"","background-image":"","background-repeat":"repeat","background-position":"center center","background-size":"auto","background-attachment":"scroll","background-type":"","background-media":"","overlay-type":"","overlay-color":"","overlay-opacity":"","overlay-gradient":""}},"ast-content-background-meta":{"desktop":{"background-color":"var(--ast-global-color-4)","background-image":"","background-repeat":"repeat","background-position":"center center","background-size":"auto","background-attachment":"scroll","background-type":"","background-media":"","overlay-type":"","overlay-color":"","overlay-opacity":"","overlay-gradient":""},"tablet":{"background-color":"var(--ast-global-color-4)","background-image":"","background-repeat":"repeat","background-position":"center center","background-size":"auto","background-attachment":"scroll","background-type":"","background-media":"","overlay-type":"","overlay-color":"","overlay-opacity":"","overlay-gradient":""},"mobile":{"background-color":"var(--ast-global-color-4)","background-image":"","background-repeat":"repeat","background-position":"center center","background-size":"auto","background-attachment":"scroll","background-type":"","background-media":"","overlay-type":"","overlay-color":"","overlay-opacity":"","overlay-gradient":""}}},"product_brand":[19],"product_cat":[22],"product_tag":[],"class_list":{"0":"post-144","1":"product","2":"type-product","3":"status-publish","4":"has-post-thumbnail","6":"product_brand-brother","7":"product_cat-brodeuse","8":"product_shipping_class-livraison-a-domicile-offert","9":"desktop-align-left","10":"tablet-align-left","11":"mobile-align-left","13":"first","14":"instock","15":"sale","16":"shipping-taxable","17":"purchasable","18":"product-type-variable"},"jetpack_sharing_enabled":true,"_links":{"self":[{"href":"https:\/\/clinique-de-la-machine-a-coudre.fr\/index.php\/wp-json\/wp\/v2\/product\/144","targetHints":{"allow":["GET"]}}],"collection":[{"href":"https:\/\/clinique-de-la-machine-a-coudre.fr\/index.php\/wp-json\/wp\/v2\/product"}],"about":[{"href":"https:\/\/clinique-de-la-machine-a-coudre.fr\/index.php\/wp-json\/wp\/v2\/types\/product"}],"wp:featuredmedia":[{"embeddable":true,"href":"https:\/\/clinique-de-la-machine-a-coudre.fr\/index.php\/wp-json\/wp\/v2\/media\/147"}],"wp:attachment":[{"href":"https:\/\/clinique-de-la-machine-a-coudre.fr\/index.php\/wp-json\/wp\/v2\/media?parent=144"}],"wp:term":[{"taxonomy":"product_brand","embeddable":true,"href":"https:\/\/clinique-de-la-machine-a-coudre.fr\/index.php\/wp-json\/wp\/v2\/product_brand?post=144"},{"taxonomy":"product_cat","embeddable":true,"href":"https:\/\/clinique-de-la-machine-a-coudre.fr\/index.php\/wp-json\/wp\/v2\/product_cat?post=144"},{"taxonomy":"product_tag","embeddable":true,"href":"https:\/\/clinique-de-la-machine-a-coudre.fr\/index.php\/wp-json\/wp\/v2\/product_tag?post=144"}],"curies":[{"name":"wp","href":"https:\/\/api.w.org\/{rel}","templated":true}]}}