{"id":140,"date":"2025-12-13T17:06:20","date_gmt":"2025-12-13T17:06:20","guid":{"rendered":"https:\/\/clinique-de-la-machine-a-coudre.fr\/?post_type=product&#038;p=140"},"modified":"2025-12-13T17:50:57","modified_gmt":"2025-12-13T17:50:57","slug":"brother-innovis-v3le-limited-edition","status":"publish","type":"product","link":"https:\/\/clinique-de-la-machine-a-coudre.fr\/index.php\/produit\/brother-innovis-v3le-limited-edition\/","title":{"rendered":"Brother Innovis V3LE &#8211; Limited Edition"},"content":{"rendered":"<p>La machine \u00e0 broder Brother Innovis V3 LE Limited Edition est un concentr\u00e9 de technologie: avec son grand \u00e9cran tactile couleur, il est tr\u00e8s simple de composer et de placer ses motifs. Elle a la capacit\u00e9 de broder en grand format (300 x 200 mm). Avec ses 2 ports USB, la machine \u00e0 broder Brother Innovis V3 LE est facile \u00e0 connecter \u00e0 votre ordinateur ou tout simplement d&rsquo;y brancher une cl\u00e9 USB afin de transmettre \u00e0 la machine de nouveaux dessins \u00e0 broder. Mode d&#8217;emploi en fran\u00e7ais.<\/p>\n<p>Caract\u00e9ristiques :<\/p>\n<ul class=\"tick-list\">\n<li>Grand \u00e9cran tactile en couleur<\/li>\n<li><b>227<\/b>\u00a0motifs<\/li>\n<li><b>14<\/b>\u00a0polices de caract\u00e8res<\/li>\n<li>Cadre grand format\u00a0<b>300 x 200 mm<\/b><\/li>\n<li><b>Pied de broderie lumineux LED<\/b><\/li>\n<li>Syst\u00e8me d&rsquo;enfilage automatis\u00e9<\/li>\n<li>Coupe fil automatique<\/li>\n<li>Grand espace de travail<\/li>\n<li><b>1050<\/b>\u00a0points\/minute<\/li>\n<li><b>2<\/b>\u00a0ports USB<\/li>\n<li>Poids de la machine: 13.8kg<\/li>\n<\/ul>\n","protected":false},"excerpt":{"rendered":"<hr \/>\n<p>La machine \u00e0 broder Brother Innovis V3 LE Limited Edition est un concentr\u00e9 de technologie: avec son grand \u00e9cran tactile couleur, il est tr\u00e8s simple de composer et de placer ses motifs. Elle a la capacit\u00e9 de broder en grand format (300 x 200 mm). Avec ses 2 ports USB, la machine \u00e0 broder Brother Innovis V3 LE est facile \u00e0 connecter \u00e0 votre ordinateur ou tout simplement d&rsquo;y brancher une cl\u00e9 USB afin de transmettre \u00e0 la machine de nouveaux dessins \u00e0 broder. Mode d&#8217;emploi en fran\u00e7ais.<\/p>\n","protected":false},"featured_media":143,"template":"","meta":{"site-sidebar-layout":"default","site-content-layout":"","ast-site-content-layout":"default","site-content-style":"default","site-sidebar-style":"default","ast-global-header-display":"","ast-banner-title-visibility":"","ast-main-header-display":"","ast-hfb-above-header-display":"","ast-hfb-below-header-display":"","ast-hfb-mobile-header-display":"","site-post-title":"","ast-breadcrumbs-content":"","ast-featured-img":"","footer-sml-layout":"","ast-disable-related-posts":"","theme-transparent-header-meta":"default","adv-header-id-meta":"","stick-header-meta":"","header-above-stick-meta":"","header-main-stick-meta":"","header-below-stick-meta":"","astra-migrate-meta-layouts":"set","ast-page-background-enabled":"default","ast-page-background-meta":{"desktop":{"background-color":"var(--ast-global-color-5)","background-image":"","background-repeat":"repeat","background-position":"center center","background-size":"auto","background-attachment":"scroll","background-type":"","background-media":"","overlay-type":"","overlay-color":"","overlay-opacity":"","overlay-gradient":""},"tablet":{"background-color":"","background-image":"","background-repeat":"repeat","background-position":"center center","background-size":"auto","background-attachment":"scroll","background-type":"","background-media":"","overlay-type":"","overlay-color":"","overlay-opacity":"","overlay-gradient":""},"mobile":{"background-color":"","background-image":"","background-repeat":"repeat","background-position":"center center","background-size":"auto","background-attachment":"scroll","background-type":"","background-media":"","overlay-type":"","overlay-color":"","overlay-opacity":"","overlay-gradient":""}},"ast-content-background-meta":{"desktop":{"background-color":"var(--ast-global-color-4)","background-image":"","background-repeat":"repeat","background-position":"center center","background-size":"auto","background-attachment":"scroll","background-type":"","background-media":"","overlay-type":"","overlay-color":"","overlay-opacity":"","overlay-gradient":""},"tablet":{"background-color":"var(--ast-global-color-4)","background-image":"","background-repeat":"repeat","background-position":"center center","background-size":"auto","background-attachment":"scroll","background-type":"","background-media":"","overlay-type":"","overlay-color":"","overlay-opacity":"","overlay-gradient":""},"mobile":{"background-color":"var(--ast-global-color-4)","background-image":"","background-repeat":"repeat","background-position":"center center","background-size":"auto","background-attachment":"scroll","background-type":"","background-media":"","overlay-type":"","overlay-color":"","overlay-opacity":"","overlay-gradient":""}}},"product_brand":[19],"product_cat":[22],"product_tag":[],"class_list":{"0":"post-140","1":"product","2":"type-product","3":"status-publish","4":"has-post-thumbnail","6":"product_brand-brother","7":"product_cat-brodeuse","8":"product_shipping_class-livraison-a-domicile-offert","9":"desktop-align-left","10":"tablet-align-left","11":"mobile-align-left","13":"first","14":"instock","15":"sale","16":"shipping-taxable","17":"purchasable","18":"product-type-variable"},"jetpack_sharing_enabled":true,"_links":{"self":[{"href":"https:\/\/clinique-de-la-machine-a-coudre.fr\/index.php\/wp-json\/wp\/v2\/product\/140","targetHints":{"allow":["GET"]}}],"collection":[{"href":"https:\/\/clinique-de-la-machine-a-coudre.fr\/index.php\/wp-json\/wp\/v2\/product"}],"about":[{"href":"https:\/\/clinique-de-la-machine-a-coudre.fr\/index.php\/wp-json\/wp\/v2\/types\/product"}],"wp:featuredmedia":[{"embeddable":true,"href":"https:\/\/clinique-de-la-machine-a-coudre.fr\/index.php\/wp-json\/wp\/v2\/media\/143"}],"wp:attachment":[{"href":"https:\/\/clinique-de-la-machine-a-coudre.fr\/index.php\/wp-json\/wp\/v2\/media?parent=140"}],"wp:term":[{"taxonomy":"product_brand","embeddable":true,"href":"https:\/\/clinique-de-la-machine-a-coudre.fr\/index.php\/wp-json\/wp\/v2\/product_brand?post=140"},{"taxonomy":"product_cat","embeddable":true,"href":"https:\/\/clinique-de-la-machine-a-coudre.fr\/index.php\/wp-json\/wp\/v2\/product_cat?post=140"},{"taxonomy":"product_tag","embeddable":true,"href":"https:\/\/clinique-de-la-machine-a-coudre.fr\/index.php\/wp-json\/wp\/v2\/product_tag?post=140"}],"curies":[{"name":"wp","href":"https:\/\/api.w.org\/{rel}","templated":true}]}}