{"id":132,"date":"2025-12-13T16:57:57","date_gmt":"2025-12-13T16:57:57","guid":{"rendered":"https:\/\/clinique-de-la-machine-a-coudre.fr\/?post_type=product&#038;p=132"},"modified":"2025-12-13T17:50:06","modified_gmt":"2025-12-13T17:50:06","slug":"brother-inventio-nv1350","status":"publish","type":"product","link":"https:\/\/clinique-de-la-machine-a-coudre.fr\/index.php\/produit\/brother-inventio-nv1350\/","title":{"rendered":"Brother Inventio NV1350"},"content":{"rendered":"<p><strong>Machine \u00e0 coudre \u00e9lectronique simple d&rsquo;utilisation<\/strong>\u00a0et conviviale, la machine \u00e0 coudre\u00a0<strong>Brother Inventio NV 1350<\/strong>\u00a0poss\u00e8de toute l&rsquo;avanc\u00e9e technologique que met en oeuvre Brother pour \u00eatre toujours \u00e0 la pointe:\u00a0<strong>syst\u00e8me d&rsquo;entrainement performant<\/strong>, coupe fils automatique, enfile aiguille extra avanc\u00e9 et tension automatique. La machine \u00e0 coudre Brother Inventio NV 1350 poss\u00e8de un large \u00e9cran r\u00e9tro-\u00e9clair\u00e9 sur lequel il est facile de lire toutes les informations sur le point utilis\u00e9. Avec son grand bras, il vous sera facile de travailler sur des grandes pi\u00e8ces.<\/p>\n<p>La\u00a0<strong>machine \u00e0 coudre Innovis 1350<\/strong>\u00a0poss\u00e8de la technologie de griffe d&rsquo;entrainement SFDS (Square Feed Drive System), qui, coupl\u00e9 \u00e0 sa tension automatique, donnera pleine satisfaction aux couturi\u00e8res exigeantes qui cherchent un entrainement du tissus sans d\u00e9faut. Notice en fran\u00e7ais.<\/p>\n<p>Caract\u00e9ristiques :<\/p>\n<ul class=\"tick-list\">\n<li><strong>182<\/strong>\u00a0fonctions de couture<\/li>\n<li><strong>10<\/strong>\u00a0styles de boutonni\u00e8res automatiques<\/li>\n<li><strong>5<\/strong>\u00a0styles d&rsquo;alphabet (majuscule)<\/li>\n<li><strong>7<\/strong>\u00a0griffes d&rsquo;entrainement SFDS<\/li>\n<li>Vitesse de couture :\u00a0<strong>850<\/strong>\u00a0points\/minute<\/li>\n<li>Enfile aiguille extra avanc\u00e9<\/li>\n<li>Tension du fil automatique<\/li>\n<li>Couture lat\u00e9rale. La machine \u00e0 coudre Brother Inventio NV 1350 est capable de coudre dans les 4 directions<\/li>\n<li>Points d\u00e9coratifs de plus de\u00a0<strong>40 mm<\/strong>\u00a0de large<\/li>\n<li>Combinaisons de points et fonction m\u00e9moire<\/li>\n<li>Genouill\u00e8re<\/li>\n<li>Poids de la machine:\u00a0<strong>11kg<\/strong><\/li>\n<\/ul>\n","protected":false},"excerpt":{"rendered":"<p><strong>Machine \u00e0 coudre \u00e9lectronique simple d&rsquo;utilisation<\/strong>\u00a0et conviviale, la machine \u00e0 coudre\u00a0<strong>Brother Inventio NV 1350<\/strong>\u00a0poss\u00e8de toute l&rsquo;avanc\u00e9e technologique que met en oeuvre Brother pour \u00eatre toujours \u00e0 la pointe:\u00a0<strong>syst\u00e8me d&rsquo;entrainement performant<\/strong>, coupe fils automatique, enfile aiguille extra avanc\u00e9 et tension automatique. La machine \u00e0 coudre Brother Inventio NV 1350 poss\u00e8de un large \u00e9cran r\u00e9tro-\u00e9clair\u00e9 sur lequel il est facile de lire toutes les informations sur le point utilis\u00e9. Avec son grand bras, il vous sera facile de travailler sur des grandes pi\u00e8ces.<\/p>\n","protected":false},"featured_media":135,"template":"","meta":{"site-sidebar-layout":"default","site-content-layout":"","ast-site-content-layout":"default","site-content-style":"default","site-sidebar-style":"default","ast-global-header-display":"","ast-banner-title-visibility":"","ast-main-header-display":"","ast-hfb-above-header-display":"","ast-hfb-below-header-display":"","ast-hfb-mobile-header-display":"","site-post-title":"","ast-breadcrumbs-content":"","ast-featured-img":"","footer-sml-layout":"","ast-disable-related-posts":"","theme-transparent-header-meta":"default","adv-header-id-meta":"","stick-header-meta":"","header-above-stick-meta":"","header-main-stick-meta":"","header-below-stick-meta":"","astra-migrate-meta-layouts":"set","ast-page-background-enabled":"default","ast-page-background-meta":{"desktop":{"background-color":"var(--ast-global-color-5)","background-image":"","background-repeat":"repeat","background-position":"center center","background-size":"auto","background-attachment":"scroll","background-type":"","background-media":"","overlay-type":"","overlay-color":"","overlay-opacity":"","overlay-gradient":""},"tablet":{"background-color":"","background-image":"","background-repeat":"repeat","background-position":"center center","background-size":"auto","background-attachment":"scroll","background-type":"","background-media":"","overlay-type":"","overlay-color":"","overlay-opacity":"","overlay-gradient":""},"mobile":{"background-color":"","background-image":"","background-repeat":"repeat","background-position":"center center","background-size":"auto","background-attachment":"scroll","background-type":"","background-media":"","overlay-type":"","overlay-color":"","overlay-opacity":"","overlay-gradient":""}},"ast-content-background-meta":{"desktop":{"background-color":"var(--ast-global-color-4)","background-image":"","background-repeat":"repeat","background-position":"center center","background-size":"auto","background-attachment":"scroll","background-type":"","background-media":"","overlay-type":"","overlay-color":"","overlay-opacity":"","overlay-gradient":""},"tablet":{"background-color":"var(--ast-global-color-4)","background-image":"","background-repeat":"repeat","background-position":"center center","background-size":"auto","background-attachment":"scroll","background-type":"","background-media":"","overlay-type":"","overlay-color":"","overlay-opacity":"","overlay-gradient":""},"mobile":{"background-color":"var(--ast-global-color-4)","background-image":"","background-repeat":"repeat","background-position":"center center","background-size":"auto","background-attachment":"scroll","background-type":"","background-media":"","overlay-type":"","overlay-color":"","overlay-opacity":"","overlay-gradient":""}}},"product_brand":[19],"product_cat":[23],"product_tag":[],"class_list":{"0":"post-132","1":"product","2":"type-product","3":"status-publish","4":"has-post-thumbnail","6":"product_brand-brother","7":"product_cat-machine-a-coudre","8":"product_shipping_class-livraison-a-domicile-offert","9":"desktop-align-left","10":"tablet-align-left","11":"mobile-align-left","13":"first","14":"instock","15":"sale","16":"shipping-taxable","17":"purchasable","18":"product-type-variable"},"jetpack_sharing_enabled":true,"_links":{"self":[{"href":"https:\/\/clinique-de-la-machine-a-coudre.fr\/index.php\/wp-json\/wp\/v2\/product\/132","targetHints":{"allow":["GET"]}}],"collection":[{"href":"https:\/\/clinique-de-la-machine-a-coudre.fr\/index.php\/wp-json\/wp\/v2\/product"}],"about":[{"href":"https:\/\/clinique-de-la-machine-a-coudre.fr\/index.php\/wp-json\/wp\/v2\/types\/product"}],"wp:featuredmedia":[{"embeddable":true,"href":"https:\/\/clinique-de-la-machine-a-coudre.fr\/index.php\/wp-json\/wp\/v2\/media\/135"}],"wp:attachment":[{"href":"https:\/\/clinique-de-la-machine-a-coudre.fr\/index.php\/wp-json\/wp\/v2\/media?parent=132"}],"wp:term":[{"taxonomy":"product_brand","embeddable":true,"href":"https:\/\/clinique-de-la-machine-a-coudre.fr\/index.php\/wp-json\/wp\/v2\/product_brand?post=132"},{"taxonomy":"product_cat","embeddable":true,"href":"https:\/\/clinique-de-la-machine-a-coudre.fr\/index.php\/wp-json\/wp\/v2\/product_cat?post=132"},{"taxonomy":"product_tag","embeddable":true,"href":"https:\/\/clinique-de-la-machine-a-coudre.fr\/index.php\/wp-json\/wp\/v2\/product_tag?post=132"}],"curies":[{"name":"wp","href":"https:\/\/api.w.org\/{rel}","templated":true}]}}