{"id":128,"date":"2025-12-13T16:51:50","date_gmt":"2025-12-13T16:51:50","guid":{"rendered":"https:\/\/clinique-de-la-machine-a-coudre.fr\/?post_type=product&#038;p=128"},"modified":"2025-12-13T17:49:39","modified_gmt":"2025-12-13T17:49:39","slug":"brother-innov-is-nv1150","status":"publish","type":"product","link":"https:\/\/clinique-de-la-machine-a-coudre.fr\/index.php\/produit\/brother-innov-is-nv1150\/","title":{"rendered":"Brother Inventio NV1150"},"content":{"rendered":"<p><strong>Machine \u00e0 coudre \u00e9lectronique simple d&rsquo;utilisation<\/strong>\u00a0et conviviale, la machine \u00e0 coudre\u00a0<strong>Brother Inventio NV 1150<\/strong>\u00a0poss\u00e8de toute l&rsquo;avanc\u00e9e technologique que met en oeuvre Brother pour \u00eatre toujours \u00e0 la pointe :\u00a0<strong>syst\u00e8me d&rsquo;entrainement performant<\/strong>, coupe fil automatique, enfile aiguille extra avanc\u00e9. La machine \u00e0 coudre Brother Inventio NV 1150 poss\u00e8de un large \u00e9cran r\u00e9tro-\u00e9clair\u00e9 sur lequel il est facile de lire toutes les informations sur le point utilis\u00e9. Avec son grand bras, il vous sera facile de travailler sur des grandes pi\u00e8ces.<\/p>\n<p>La machine \u00e0 coudre Innovis 1150 de Brother poss\u00e8de une technologie de griffes d&rsquo;entrainement SFDS (Square Feed Drive System) qui donnera pleine satisfaction aux couturi\u00e8res exigeantes qui cherchent un entrainement du tissus sans d\u00e9faut. Notice en fran\u00e7ais.<\/p>\n<p>Caract\u00e9ristiques :<\/p>\n<ul class=\"tick-list\">\n<li><b>140<\/b>\u00a0fonctions de couture<\/li>\n<li><b>10\u00a0<\/b>styles de boutonni\u00e8res automatiques en 1 \u00e9tape<\/li>\n<li><b>5<\/b>\u00a0styles d&rsquo;alphabet (majuscule)<\/li>\n<li><b>7<\/b>\u00a0griffes d&rsquo;entrainement SFDS<\/li>\n<li>Enfile aiguille extra avanc\u00e9<\/li>\n<li>Genouill\u00e8re<\/li>\n<li>Mise en place rapide de la canette<\/li>\n<li>Compartiment \u00e0 accessoires<\/li>\n<li>\u00c9clairage LED<\/li>\n<li>Bouton anti-bascule du pied de biche<\/li>\n<li>Abaissement des griffes d&rsquo;entra\u00eenement<\/li>\n<li>Syst\u00e8me F.A.S.T de remplissage de la cannette<\/li>\n<li>Position d&rsquo;arr\u00eat de l&rsquo;aiguille<\/li>\n<li>Touche point de renfort<\/li>\n<li>\u00c9cran LCD<\/li>\n<li>R\u00e9glage manuel de la tension du fil sup\u00e9rieur<\/li>\n<li>Pied de biche encliquetable<\/li>\n<li>Variateur de vitesse<\/li>\n<li>Guide de r\u00e9f\u00e9rence des points<\/li>\n<li>Touche de s\u00e9lection du mode d&rsquo;aiguille (unique ou jumel\u00e9e)<\/li>\n<li>Fonction de position initiale de l&rsquo;aiguille<\/li>\n<li>Combinaison des points et fonction m\u00e9moire<\/li>\n<li>Couture simple ou r\u00e9p\u00e9t\u00e9e<\/li>\n<li>R\u00e9glage vertical du motif<\/li>\n<li>Poids de la machine:\u00a0<strong>10kg<\/strong><\/li>\n<\/ul>\n","protected":false},"excerpt":{"rendered":"<p><strong>Machine \u00e0 coudre \u00e9lectronique simple d&rsquo;utilisation<\/strong>\u00a0et conviviale, la machine \u00e0 coudre\u00a0<strong>Brother Inventio NV 1150<\/strong>\u00a0poss\u00e8de toute l&rsquo;avanc\u00e9e technologique que met en oeuvre Brother pour \u00eatre toujours \u00e0 la pointe :\u00a0<strong>syst\u00e8me d&rsquo;entrainement performant<\/strong>, coupe fil automatique, enfile aiguille extra avanc\u00e9. La machine \u00e0 coudre Brother Inventio NV 1150 poss\u00e8de un large \u00e9cran r\u00e9tro-\u00e9clair\u00e9 sur lequel il est facile de lire toutes les informations sur le point utilis\u00e9. Avec son grand bras, il vous sera facile de travailler sur des grandes pi\u00e8ces.<\/p>\n","protected":false},"featured_media":131,"template":"","meta":{"site-sidebar-layout":"default","site-content-layout":"","ast-site-content-layout":"default","site-content-style":"default","site-sidebar-style":"default","ast-global-header-display":"","ast-banner-title-visibility":"","ast-main-header-display":"","ast-hfb-above-header-display":"","ast-hfb-below-header-display":"","ast-hfb-mobile-header-display":"","site-post-title":"","ast-breadcrumbs-content":"","ast-featured-img":"","footer-sml-layout":"","ast-disable-related-posts":"","theme-transparent-header-meta":"default","adv-header-id-meta":"","stick-header-meta":"","header-above-stick-meta":"","header-main-stick-meta":"","header-below-stick-meta":"","astra-migrate-meta-layouts":"set","ast-page-background-enabled":"default","ast-page-background-meta":{"desktop":{"background-color":"var(--ast-global-color-5)","background-image":"","background-repeat":"repeat","background-position":"center center","background-size":"auto","background-attachment":"scroll","background-type":"","background-media":"","overlay-type":"","overlay-color":"","overlay-opacity":"","overlay-gradient":""},"tablet":{"background-color":"","background-image":"","background-repeat":"repeat","background-position":"center center","background-size":"auto","background-attachment":"scroll","background-type":"","background-media":"","overlay-type":"","overlay-color":"","overlay-opacity":"","overlay-gradient":""},"mobile":{"background-color":"","background-image":"","background-repeat":"repeat","background-position":"center center","background-size":"auto","background-attachment":"scroll","background-type":"","background-media":"","overlay-type":"","overlay-color":"","overlay-opacity":"","overlay-gradient":""}},"ast-content-background-meta":{"desktop":{"background-color":"var(--ast-global-color-4)","background-image":"","background-repeat":"repeat","background-position":"center center","background-size":"auto","background-attachment":"scroll","background-type":"","background-media":"","overlay-type":"","overlay-color":"","overlay-opacity":"","overlay-gradient":""},"tablet":{"background-color":"var(--ast-global-color-4)","background-image":"","background-repeat":"repeat","background-position":"center center","background-size":"auto","background-attachment":"scroll","background-type":"","background-media":"","overlay-type":"","overlay-color":"","overlay-opacity":"","overlay-gradient":""},"mobile":{"background-color":"var(--ast-global-color-4)","background-image":"","background-repeat":"repeat","background-position":"center center","background-size":"auto","background-attachment":"scroll","background-type":"","background-media":"","overlay-type":"","overlay-color":"","overlay-opacity":"","overlay-gradient":""}}},"product_brand":[19],"product_cat":[23],"product_tag":[],"class_list":{"0":"post-128","1":"product","2":"type-product","3":"status-publish","4":"has-post-thumbnail","6":"product_brand-brother","7":"product_cat-machine-a-coudre","8":"product_shipping_class-livraison-a-domicile-offert","9":"desktop-align-left","10":"tablet-align-left","11":"mobile-align-left","13":"first","14":"instock","15":"sale","16":"shipping-taxable","17":"purchasable","18":"product-type-variable"},"jetpack_sharing_enabled":true,"_links":{"self":[{"href":"https:\/\/clinique-de-la-machine-a-coudre.fr\/index.php\/wp-json\/wp\/v2\/product\/128","targetHints":{"allow":["GET"]}}],"collection":[{"href":"https:\/\/clinique-de-la-machine-a-coudre.fr\/index.php\/wp-json\/wp\/v2\/product"}],"about":[{"href":"https:\/\/clinique-de-la-machine-a-coudre.fr\/index.php\/wp-json\/wp\/v2\/types\/product"}],"wp:featuredmedia":[{"embeddable":true,"href":"https:\/\/clinique-de-la-machine-a-coudre.fr\/index.php\/wp-json\/wp\/v2\/media\/131"}],"wp:attachment":[{"href":"https:\/\/clinique-de-la-machine-a-coudre.fr\/index.php\/wp-json\/wp\/v2\/media?parent=128"}],"wp:term":[{"taxonomy":"product_brand","embeddable":true,"href":"https:\/\/clinique-de-la-machine-a-coudre.fr\/index.php\/wp-json\/wp\/v2\/product_brand?post=128"},{"taxonomy":"product_cat","embeddable":true,"href":"https:\/\/clinique-de-la-machine-a-coudre.fr\/index.php\/wp-json\/wp\/v2\/product_cat?post=128"},{"taxonomy":"product_tag","embeddable":true,"href":"https:\/\/clinique-de-la-machine-a-coudre.fr\/index.php\/wp-json\/wp\/v2\/product_tag?post=128"}],"curies":[{"name":"wp","href":"https:\/\/api.w.org\/{rel}","templated":true}]}}