{"id":103,"date":"2025-12-12T10:06:59","date_gmt":"2025-12-12T10:06:59","guid":{"rendered":"http:\/\/clinique-de-la-machine-a-coudre.fr\/?post_type=product&#038;p=103"},"modified":"2025-12-13T17:48:16","modified_gmt":"2025-12-13T17:48:16","slug":"brother-inov-is-a16","status":"publish","type":"product","link":"https:\/\/clinique-de-la-machine-a-coudre.fr\/index.php\/produit\/brother-inov-is-a16\/","title":{"rendered":"Brother Innov-is A50"},"content":{"rendered":"<p>La machine \u00e0 coudre \u00e9lectronique\u00a0<strong>Brother A50<\/strong>\u00a0est con\u00e7ue pour \u00eatre facile \u00e0 utiliser, id\u00e9ale pour les d\u00e9butants, gr\u00e2ce \u00e0 des commandes intuitives et un \u00e9cran LCD. Elle propose\u00a0<strong>50 points<\/strong>\u00a0de couture int\u00e9gr\u00e9s, adapt\u00e9s \u00e0 divers projets, et inclut des fonctionnalit\u00e9s modernes telles que l&rsquo;enfilage automatique et le r\u00e9glage de la tension. Son design compact et \u00e9l\u00e9gant s&rsquo;int\u00e8gre facilement dans tout espace de travail.<\/p>\n<p>&nbsp;<\/p>\n<p>Caract\u00e9ristiques :<\/p>\n<ul class=\"tick-list\">\n<li><b>50<\/b>\u00a0points, dont\u00a0<b>5<\/b>\u00a0styles de boutonni\u00e8re en 1 seule \u00e9tape<\/li>\n<li>S\u00e9lection de points par molette \u00e9lectronique<\/li>\n<li>\u00c9cran LCD de\u00a0<b>6,6cm<\/b><\/li>\n<li>Syst\u00e8me perfectionn\u00e9 d\u2019enfilage de l\u2019aiguille<\/li>\n<li>Touche point de renfort<\/li>\n<li><b>7<\/b>\u00a0griffes d&rsquo;entra\u00eenement<\/li>\n<li>Mise en place rapide de la canette horizontale<\/li>\n<li>\u00c9clairage LED<\/li>\n<li>Bras libre<\/li>\n<li>Abaissement des griffes d&rsquo;entra\u00eenement<\/li>\n<li>Remplissage de la canette<\/li>\n<li>Position d\u2019arr\u00eat de l\u2019aiguille (haut\/bas)<\/li>\n<li>R\u00e9glage de la tension du fil sup\u00e9rieur<\/li>\n<li>Bouton antibascule du pied de biche<\/li>\n<li>Pied de biche encliquetable<\/li>\n<li>R\u00e9glage de la longueur et de la largeur de point<\/li>\n<li>Touche marche\/arr\u00eat<\/li>\n<li>Variateur de vitesse de couture<\/li>\n<li>Point inverse \/ de renfort<\/li>\n<li>Compartiment \u00e0 accessoires<\/li>\n<li>Mode aiguille jumel\u00e9e<\/li>\n<li>R\u00e9glage vertical du motif<\/li>\n<li>Poids : 6.5 kg<\/li>\n<li>Vitesse de couture : 850 points\/minute<\/li>\n<\/ul>\n","protected":false},"excerpt":{"rendered":"<p>La machine \u00e0 coudre \u00e9lectronique\u00a0<strong>Brother A50<\/strong>\u00a0est con\u00e7ue pour \u00eatre facile \u00e0 utiliser, id\u00e9ale pour les d\u00e9butants, gr\u00e2ce \u00e0 des commandes intuitives et un \u00e9cran LCD. Elle propose\u00a0<strong>50 points<\/strong>\u00a0de couture int\u00e9gr\u00e9s, adapt\u00e9s \u00e0 divers projets, et inclut des fonctionnalit\u00e9s modernes telles que l&rsquo;enfilage automatique et le r\u00e9glage de la tension. Son design compact et \u00e9l\u00e9gant s&rsquo;int\u00e8gre facilement dans tout espace de travail.<\/p>\n","protected":false},"featured_media":113,"template":"","meta":{"site-sidebar-layout":"default","site-content-layout":"","ast-site-content-layout":"default","site-content-style":"default","site-sidebar-style":"default","ast-global-header-display":"","ast-banner-title-visibility":"","ast-main-header-display":"","ast-hfb-above-header-display":"","ast-hfb-below-header-display":"","ast-hfb-mobile-header-display":"","site-post-title":"","ast-breadcrumbs-content":"","ast-featured-img":"","footer-sml-layout":"","ast-disable-related-posts":"","theme-transparent-header-meta":"default","adv-header-id-meta":"","stick-header-meta":"","header-above-stick-meta":"","header-main-stick-meta":"","header-below-stick-meta":"","astra-migrate-meta-layouts":"set","ast-page-background-enabled":"default","ast-page-background-meta":{"desktop":{"background-color":"var(--ast-global-color-5)","background-image":"","background-repeat":"repeat","background-position":"center center","background-size":"auto","background-attachment":"scroll","background-type":"","background-media":"","overlay-type":"","overlay-color":"","overlay-opacity":"","overlay-gradient":""},"tablet":{"background-color":"","background-image":"","background-repeat":"repeat","background-position":"center center","background-size":"auto","background-attachment":"scroll","background-type":"","background-media":"","overlay-type":"","overlay-color":"","overlay-opacity":"","overlay-gradient":""},"mobile":{"background-color":"","background-image":"","background-repeat":"repeat","background-position":"center center","background-size":"auto","background-attachment":"scroll","background-type":"","background-media":"","overlay-type":"","overlay-color":"","overlay-opacity":"","overlay-gradient":""}},"ast-content-background-meta":{"desktop":{"background-color":"var(--ast-global-color-4)","background-image":"","background-repeat":"repeat","background-position":"center center","background-size":"auto","background-attachment":"scroll","background-type":"","background-media":"","overlay-type":"","overlay-color":"","overlay-opacity":"","overlay-gradient":""},"tablet":{"background-color":"var(--ast-global-color-4)","background-image":"","background-repeat":"repeat","background-position":"center center","background-size":"auto","background-attachment":"scroll","background-type":"","background-media":"","overlay-type":"","overlay-color":"","overlay-opacity":"","overlay-gradient":""},"mobile":{"background-color":"var(--ast-global-color-4)","background-image":"","background-repeat":"repeat","background-position":"center center","background-size":"auto","background-attachment":"scroll","background-type":"","background-media":"","overlay-type":"","overlay-color":"","overlay-opacity":"","overlay-gradient":""}}},"product_brand":[19],"product_cat":[23],"product_tag":[],"class_list":{"0":"post-103","1":"product","2":"type-product","3":"status-publish","4":"has-post-thumbnail","6":"product_brand-brother","7":"product_cat-machine-a-coudre","8":"product_shipping_class-livraison-a-domicile","9":"desktop-align-left","10":"tablet-align-left","11":"mobile-align-left","13":"first","14":"instock","15":"sale","16":"shipping-taxable","17":"purchasable","18":"product-type-variable"},"jetpack_sharing_enabled":true,"_links":{"self":[{"href":"https:\/\/clinique-de-la-machine-a-coudre.fr\/index.php\/wp-json\/wp\/v2\/product\/103","targetHints":{"allow":["GET"]}}],"collection":[{"href":"https:\/\/clinique-de-la-machine-a-coudre.fr\/index.php\/wp-json\/wp\/v2\/product"}],"about":[{"href":"https:\/\/clinique-de-la-machine-a-coudre.fr\/index.php\/wp-json\/wp\/v2\/types\/product"}],"wp:featuredmedia":[{"embeddable":true,"href":"https:\/\/clinique-de-la-machine-a-coudre.fr\/index.php\/wp-json\/wp\/v2\/media\/113"}],"wp:attachment":[{"href":"https:\/\/clinique-de-la-machine-a-coudre.fr\/index.php\/wp-json\/wp\/v2\/media?parent=103"}],"wp:term":[{"taxonomy":"product_brand","embeddable":true,"href":"https:\/\/clinique-de-la-machine-a-coudre.fr\/index.php\/wp-json\/wp\/v2\/product_brand?post=103"},{"taxonomy":"product_cat","embeddable":true,"href":"https:\/\/clinique-de-la-machine-a-coudre.fr\/index.php\/wp-json\/wp\/v2\/product_cat?post=103"},{"taxonomy":"product_tag","embeddable":true,"href":"https:\/\/clinique-de-la-machine-a-coudre.fr\/index.php\/wp-json\/wp\/v2\/product_tag?post=103"}],"curies":[{"name":"wp","href":"https:\/\/api.w.org\/{rel}","templated":true}]}}