{"id":8,"date":"2025-12-11T11:21:02","date_gmt":"2025-12-11T11:21:02","guid":{"rendered":"http:\/\/blgdaed.cluster100.hosting.ovh.net\/?page_id=8"},"modified":"2025-12-11T13:19:49","modified_gmt":"2025-12-11T13:19:49","slug":"cmc86","status":"publish","type":"page","link":"https:\/\/clinique-de-la-machine-a-coudre.fr\/","title":{"rendered":"CMC86"},"content":{"rendered":"\n<div class=\"wp-block-cover alignfull has-parallax\" style=\"min-height:100vh;aspect-ratio:unset;\"><div class=\"wp-block-cover__image-background wp-image-14 size-large has-parallax\" style=\"background-position:50% 50%;background-image:url(http:\/\/blgdaed.cluster100.hosting.ovh.net\/wp-content\/uploads\/2025\/12\/alexander-andrews-jNKv4QohAk0-unsplash-1024x683.jpg)\"><\/div><span aria-hidden=\"true\" class=\"wp-block-cover__background has-background-dim-40 has-background-dim\" style=\"background-color:#000000\"><\/span><div class=\"wp-block-cover__inner-container is-layout-flow wp-block-cover-is-layout-flow\">\n<h2 class=\"wp-block-heading alignwide has-white-color has-text-color\" style=\"font-size:48px;line-height:1.2\">La Clinique de la Machine \u00e0 Coudre<\/h2>\n\n\n\n<div class=\"wp-block-columns alignwide is-layout-flex wp-container-core-columns-is-layout-28f84493 wp-block-columns-is-layout-flex\">\n<div class=\"wp-block-column is-layout-flow wp-block-column-is-layout-flow\" style=\"flex-basis:60%\">\n<p class=\"has-text-color\" style=\"color:#ffffff\"><strong>La Clinique de la Machine \u00e0 Coudre<\/strong> est une <strong>entreprise artisanale sp\u00e9cialis\u00e9e dans la r\u00e9paration, l\u2019entretien, la vente et la restauration de machines \u00e0 coudre<\/strong>, situ\u00e9e \u00e0 <strong>Rouill\u00e9, dans le d\u00e9partement de la Vienne (86)<\/strong>.<\/p>\n\n\n\n<div class=\"wp-block-buttons is-layout-flex wp-block-buttons-is-layout-flex\">\n<div class=\"wp-block-button\"><a class=\"wp-block-button__link wp-element-button\">La boutique<\/a><\/div>\n<\/div>\n<\/div>\n\n\n\n<div class=\"wp-block-column is-layout-flow wp-block-column-is-layout-flow\"><\/div>\n<\/div>\n<\/div><\/div>\n\n\n\n<div class=\"wp-block-group alignfull is-layout-constrained wp-block-group-is-layout-constrained\">\n<div class=\"wp-block-media-text is-stacked-on-mobile\"><figure class=\"wp-block-media-text__media\"><img loading=\"lazy\" decoding=\"async\" width=\"1024\" height=\"768\" src=\"http:\/\/blgdaed.cluster100.hosting.ovh.net\/wp-content\/uploads\/2025\/12\/Magasin3-1024x768.jpg\" alt=\"\" class=\"wp-image-13 size-full\" srcset=\"https:\/\/clinique-de-la-machine-a-coudre.fr\/wp-content\/uploads\/2025\/12\/Magasin3-1024x768.jpg 1024w, https:\/\/clinique-de-la-machine-a-coudre.fr\/wp-content\/uploads\/2025\/12\/Magasin3-600x450.jpg 600w, https:\/\/clinique-de-la-machine-a-coudre.fr\/wp-content\/uploads\/2025\/12\/Magasin3-300x225.jpg 300w, https:\/\/clinique-de-la-machine-a-coudre.fr\/wp-content\/uploads\/2025\/12\/Magasin3-768x576.jpg 768w, https:\/\/clinique-de-la-machine-a-coudre.fr\/wp-content\/uploads\/2025\/12\/Magasin3-1536x1152.jpg 1536w, https:\/\/clinique-de-la-machine-a-coudre.fr\/wp-content\/uploads\/2025\/12\/Magasin3.jpg 1600w\" sizes=\"auto, (max-width: 1024px) 100vw, 1024px\" \/><\/figure><div class=\"wp-block-media-text__content\">\n<p><strong>La Clinique de la Machine \u00e0 Coudre<\/strong> est une <strong>entreprise artisanale sp\u00e9cialis\u00e9e dans la r\u00e9paration, l\u2019entretien, la vente et la restauration de machines \u00e0 coudre<\/strong>, situ\u00e9e \u00e0 <strong>Rouill\u00e9, dans le d\u00e9partement de la Vienne (86)<\/strong>. Elle est active depuis plusieurs d\u00e9cennies et constitue une adresse reconnue pour les amateurs comme pour les professionnels de la couture dans la r\u00e9gion.<\/p>\n\n\n\n<p>Fond\u00e9e en <strong>1978 par Jean-Marie Ollivier<\/strong>, passionn\u00e9 de machines \u00e0 coudre, l\u2019entreprise a \u00e9t\u00e9 <strong>reprise par ses fils J\u00e9r\u00e9my et Jonathan<\/strong>, qui perp\u00e9tuent et enrichissent l\u2019activit\u00e9 familiale.<\/p>\n\n\n\n<p>En parall\u00e8le de ses activit\u00e9s techniques, la clinique abrite <strong>une impressionnante collection de machines \u00e0 coudre anciennes<\/strong> \u2014 l\u2019une des plus riches d\u2019Europe \u2014 remontant au <strong>XIX\u1d49 si\u00e8cle<\/strong>, qui attire les passionn\u00e9s d\u2019histoire de la couture.<\/p>\n<\/div><\/div>\n<\/div>\n\n\n\n<div class=\"wp-block-columns alignfull has-text-color has-background is-layout-flex wp-container-core-columns-is-layout-28f84493 wp-block-columns-is-layout-flex\" style=\"color:#000000;background-color:#ffffff\">\n<div class=\"wp-block-column is-layout-flow wp-block-column-is-layout-flow\">\n<h6 class=\"wp-block-heading has-text-align-center\" style=\"font-size:24px;line-height:1.3\"><strong>VENTE<\/strong><\/h6>\n\n\n\n<p class=\"has-text-align-center\"><strong>Nous vendons des machines \u00e0 coudre de grandes marques<\/strong>, ainsi que des <strong>machines d\u2019occasion<\/strong> et des accessoires li\u00e9s \u00e0 la couture.<\/p>\n<\/div>\n\n\n\n<div class=\"wp-block-column is-layout-flow wp-block-column-is-layout-flow\">\n<h4 class=\"wp-block-heading has-text-align-center\" style=\"font-size:24px;line-height:1.3\"><strong>REPARATION<\/strong><\/h4>\n\n\n\n<p class=\"has-text-align-center\">L\u2019entreprise assure <strong>l\u2019entretien, la r\u00e9paration et la remise en \u00e9tat<\/strong> de machines \u00e0 coudre, neuves ou anciennes, qu\u2019elles soient domestiques ou industrielles.<\/p>\n<\/div>\n\n\n\n<div class=\"wp-block-column is-layout-flow wp-block-column-is-layout-flow\">\n<h3 class=\"wp-block-heading has-text-align-center\" style=\"font-size:24px;line-height:1.3\"><strong>CONSEILS ET DEMO<\/strong><\/h3>\n\n\n\n<p class=\"has-text-align-center\">L\u2019\u00e9quipe accompagne les clients <strong>dans le choix de la machine adapt\u00e9e<\/strong> \u00e0 leurs besoins et peut faire des d\u00e9monstrations ou des formations de base \u00e0 l\u2019utilisation.<\/p>\n<\/div>\n<\/div>\n\n\n\n<p><\/p>\n","protected":false},"excerpt":{"rendered":"<p>La Clinique de la Machine \u00e0 Coudre est une entreprise artisanale sp\u00e9cialis\u00e9e dans la r\u00e9paration, l\u2019entretien, la vente et la [&hellip;]<\/p>\n","protected":false},"author":1,"featured_media":0,"parent":0,"menu_order":0,"comment_status":"closed","ping_status":"closed","template":"","meta":{"site-sidebar-layout":"default","site-content-layout":"","ast-site-content-layout":"default","site-content-style":"default","site-sidebar-style":"default","ast-global-header-display":"","ast-banner-title-visibility":"","ast-main-header-display":"","ast-hfb-above-header-display":"","ast-hfb-below-header-display":"","ast-hfb-mobile-header-display":"","site-post-title":"disabled","ast-breadcrumbs-content":"","ast-featured-img":"","footer-sml-layout":"","ast-disable-related-posts":"","theme-transparent-header-meta":"","adv-header-id-meta":"","stick-header-meta":"","header-above-stick-meta":"","header-main-stick-meta":"","header-below-stick-meta":"","astra-migrate-meta-layouts":"default","ast-page-background-enabled":"default","ast-page-background-meta":{"desktop":{"background-color":"var(--ast-global-color-5)","background-image":"","background-repeat":"repeat","background-position":"center center","background-size":"auto","background-attachment":"scroll","background-type":"","background-media":"","overlay-type":"","overlay-color":"","overlay-opacity":"","overlay-gradient":""},"tablet":{"background-color":"","background-image":"","background-repeat":"repeat","background-position":"center center","background-size":"auto","background-attachment":"scroll","background-type":"","background-media":"","overlay-type":"","overlay-color":"","overlay-opacity":"","overlay-gradient":""},"mobile":{"background-color":"","background-image":"","background-repeat":"repeat","background-position":"center center","background-size":"auto","background-attachment":"scroll","background-type":"","background-media":"","overlay-type":"","overlay-color":"","overlay-opacity":"","overlay-gradient":""}},"ast-content-background-meta":{"desktop":{"background-color":"var(--ast-global-color-4)","background-image":"","background-repeat":"repeat","background-position":"center center","background-size":"auto","background-attachment":"scroll","background-type":"","background-media":"","overlay-type":"","overlay-color":"","overlay-opacity":"","overlay-gradient":""},"tablet":{"background-color":"var(--ast-global-color-4)","background-image":"","background-repeat":"repeat","background-position":"center center","background-size":"auto","background-attachment":"scroll","background-type":"","background-media":"","overlay-type":"","overlay-color":"","overlay-opacity":"","overlay-gradient":""},"mobile":{"background-color":"var(--ast-global-color-4)","background-image":"","background-repeat":"repeat","background-position":"center center","background-size":"auto","background-attachment":"scroll","background-type":"","background-media":"","overlay-type":"","overlay-color":"","overlay-opacity":"","overlay-gradient":""}},"footnotes":""},"class_list":["post-8","page","type-page","status-publish","hentry"],"jetpack_sharing_enabled":true,"_links":{"self":[{"href":"https:\/\/clinique-de-la-machine-a-coudre.fr\/index.php\/wp-json\/wp\/v2\/pages\/8","targetHints":{"allow":["GET"]}}],"collection":[{"href":"https:\/\/clinique-de-la-machine-a-coudre.fr\/index.php\/wp-json\/wp\/v2\/pages"}],"about":[{"href":"https:\/\/clinique-de-la-machine-a-coudre.fr\/index.php\/wp-json\/wp\/v2\/types\/page"}],"author":[{"embeddable":true,"href":"https:\/\/clinique-de-la-machine-a-coudre.fr\/index.php\/wp-json\/wp\/v2\/users\/1"}],"replies":[{"embeddable":true,"href":"https:\/\/clinique-de-la-machine-a-coudre.fr\/index.php\/wp-json\/wp\/v2\/comments?post=8"}],"version-history":[{"count":6,"href":"https:\/\/clinique-de-la-machine-a-coudre.fr\/index.php\/wp-json\/wp\/v2\/pages\/8\/revisions"}],"predecessor-version":[{"id":45,"href":"https:\/\/clinique-de-la-machine-a-coudre.fr\/index.php\/wp-json\/wp\/v2\/pages\/8\/revisions\/45"}],"wp:attachment":[{"href":"https:\/\/clinique-de-la-machine-a-coudre.fr\/index.php\/wp-json\/wp\/v2\/media?parent=8"}],"curies":[{"name":"wp","href":"https:\/\/api.w.org\/{rel}","templated":true}]}}